{"id":22,"date":"2023-01-02T23:59:22","date_gmt":"2023-01-02T23:59:22","guid":{"rendered":"https:\/\/congopark.es\/?page_id=22"},"modified":"2024-04-12T19:45:04","modified_gmt":"2024-04-12T19:45:04","slug":"reglamento-interno-de-congo-park","status":"publish","type":"page","link":"https:\/\/congopark.es\/?page_id=22","title":{"rendered":"Normas de Congo Park"},"content":{"rendered":"<p>[et_pb_section fb_built=\u00bb1&#8243; _builder_version=\u00bb4.16&#8243; global_colors_info=\u00bb{}\u00bb][et_pb_row _builder_version=\u00bb4.16&#8243; background_size=\u00bbinitial\u00bb background_position=\u00bbtop_left\u00bb background_repeat=\u00bbrepeat\u00bb global_colors_info=\u00bb{}\u00bb][et_pb_column type=\u00bb4_4&#8243; _builder_version=\u00bb4.16&#8243; custom_padding=\u00bb|||\u00bb global_colors_info=\u00bb{}\u00bb custom_padding__hover=\u00bb|||\u00bb][et_pb_text _builder_version=\u00bb4.17.6&#8243; _module_preset=\u00bbdefault\u00bb text_font=\u00bbGive You Glory|700|||||||\u00bb text_text_color=\u00bb#E09900&#8243; text_font_size=\u00bb51px\u00bb text_letter_spacing=\u00bb2px\u00bb text_line_height=\u00bb1.6em\u00bb text_orientation=\u00bbcenter\u00bb text_font_size_tablet=\u00bb51px\u00bb text_font_size_phone=\u00bb51px\u00bb text_font_size_last_edited=\u00bbon|phone\u00bb global_colors_info=\u00bb{}\u00bb]<\/p>\n<p>NORMAS DEL PARQUE<\/p>\n<p>[\/et_pb_text][\/et_pb_column][\/et_pb_row][et_pb_row _builder_version=\u00bb4.17.6&#8243; _module_preset=\u00bbdefault\u00bb global_colors_info=\u00bb{}\u00bb][et_pb_column type=\u00bb4_4&#8243; _builder_version=\u00bb4.17.6&#8243; _module_preset=\u00bbdefault\u00bb global_colors_info=\u00bb{}\u00bb][et_pb_image src=\u00bbhttps:\/\/congopark.es\/wp-content\/uploads\/2024\/04\/RESERVAS-Y-NORMAS-2024-2-pdf.jpg\u00bb title_text=\u00bbRESERVAS Y NORMAS 2024 (2)\u00bb _builder_version=\u00bb4.17.6&#8243; _module_preset=\u00bbdefault\u00bb hover_enabled=\u00bb0&#8243; global_colors_info=\u00bb{}\u00bb sticky_enabled=\u00bb0&#8243;][\/et_pb_image][\/et_pb_column][\/et_pb_row][\/et_pb_section]<\/p>\n","protected":false},"excerpt":{"rendered":"<p>NORMAS DEL PARQUE<\/p>\n","protected":false},"author":1,"featured_media":0,"parent":0,"menu_order":0,"comment_status":"closed","ping_status":"closed","template":"","meta":{"_et_pb_use_builder":"on","_et_pb_old_content":"<!-- wp:paragraph -->\n<p>Esta regulaci\u00f3n ha sido dise\u00f1ada, ante todo, para garantizar la seguridad de sus hijos en un ambiente saludable. La direcci\u00f3n de Congo Park se reserva el derecho de excluir a cualquier persona que no la cumpla.<\/p>\n<!-- \/wp:paragraph -->\n\n<!-- wp:paragraph -->\n<p><strong>Condiciones de acceso<\/strong><\/p>\n<!-- \/wp:paragraph -->\n\n<!-- wp:paragraph -->\n<p>Cualquier persona que desee entrar en el parque deber\u00e1 pagar la entrada. \u00c9sta te permite acceder a todas las estructuras de juego el d\u00eda de su visita.&nbsp;<strong>Cualquier salida del parque es definitiva.<\/strong><\/p>\n<!-- \/wp:paragraph -->\n\n<!-- wp:paragraph -->\n<p>S\u00f3lo los ni\u00f1os acompa\u00f1ados de un adulto podr\u00e1n ser admitidos en el parque.<\/p>\n<!-- \/wp:paragraph -->\n\n<!-- wp:paragraph -->\n<p><strong> Cualquier ni\u00f1o presente en el parque debe estar bajo la responsabilidad y supervisi\u00f3n de un adulto (mayor de 18 a\u00f1os).<\/strong><\/p>\n<!-- \/wp:paragraph -->\n\n<!-- wp:paragraph -->\n<p>Por motivos de higiene, es obligatorio el uso de calcetines para acceder a las zonas de juegos.<\/p>\n<!-- \/wp:paragraph -->\n\n<!-- wp:heading {\"level\":3} -->\n<h3 class=\"wp-block-heading\">Estancia en el Parque<\/h3>\n<!-- \/wp:heading -->\n\n<!-- wp:list {\"ordered\":true} -->\n<ol><!-- wp:list-item -->\n<li>Los padres o responsables de los menores deber\u00e1n estar localizables durante la estancia de los mismos en el Centro. En caso de que el menor sufra alguna enfermedad, f\u00edsica o mental, o lesi\u00f3n alguna que pudiera agravarse o perjudicar su salud, con el uso de las instalaciones, el Centro exime cualquier responsabilidad que se le pudiera exigir, al ser obligaci\u00f3n del padre\/madre\/tutor legal o responsable que traiga al menor, valorar si el ni\u00f1o puede acceder o no a estas instalaciones y sus posibles consecuencias para el menor.<\/li>\n<!-- \/wp:list-item -->\n\n<!-- wp:list-item -->\n<li>Todos los menores deben de estar bajo la vigilancia de un adulto-<\/li>\n<!-- \/wp:list-item -->\n\n<!-- wp:list-item -->\n<li><strong>Los ni\u00f1os mayores de 5 a\u00f1os no pueden entrar a jugar en el \u00e1rea de juego para menores de 1 a 5 a\u00f1os.<\/strong><\/li>\n<!-- \/wp:list-item -->\n\n<!-- wp:list-item -->\n<li><strong>La altura m\u00e1xima de los ni\u00f1os ser\u00e1 1,50m.<\/strong><\/li>\n<!-- \/wp:list-item -->\n\n<!-- wp:list-item -->\n<li><strong>La edad de acceso al parque es de 1 a 12 a\u00f1os. <\/strong><\/li>\n<!-- \/wp:list-item -->\n\n<!-- wp:list-item -->\n<li>Por razones de higiene es imprescindible el <strong>uso de calcetines.<\/strong><\/li>\n<!-- \/wp:list-item -->\n\n<!-- wp:list-item -->\n<li>Los ni\u00f1os no pueden llevar nada colgado ni atado al cuello.<\/li>\n<!-- \/wp:list-item -->\n\n<!-- wp:list-item -->\n<li><strong>No est\u00e1 permitido COMER, BEBER NI MASTICAR CHICLE<\/strong>, dentro de las \u00e1reas de juego.<\/li>\n<!-- \/wp:list-item -->\n\n<!-- wp:list-item -->\n<li>No est\u00e1 permitido sacar las BOLAS del interior de las piscinas ni tirarlas violentamente contra otros ni\u00f1os.<\/li>\n<!-- \/wp:list-item -->\n\n<!-- wp:list-item -->\n<li>No est\u00e1 permitido subirse a las redes ni sacudir las mismas.<\/li>\n<!-- \/wp:list-item -->\n\n<!-- wp:list-item -->\n<li>No est\u00e1 permitido bajar por TOBOGANES boca abajo ni subir por el sentido contrario de sus pendientes.<\/li>\n<!-- \/wp:list-item -->\n\n<!-- wp:list-item -->\n<li>No se puede subir ning\u00fan juguete del parque a los pisos.<\/li>\n<!-- \/wp:list-item -->\n\n<!-- wp:list-item -->\n<li><strong>NO ESTA PERMITIDA LA ENTRADA DE BEBIDAS NI DE ALIMENTOS en el parque<\/strong>, ni est\u00e1 permitido sacar bebidas o alimentos de la cafeter\u00eda.<\/li>\n<!-- \/wp:list-item -->\n\n<!-- wp:list-item -->\n<li>El Centro se hace responsable de mantener todas las instalaciones en buen estado de higiene, pero tambi\u00e9n cuenta con la COLABORACI\u00d3N de todos sus clientes.<\/li>\n<!-- \/wp:list-item -->\n\n<!-- wp:list-item -->\n<li>Es aconsejable que se guarden todos los OBJETOS DE VALOR (relojes, joyas, etc.) Que se puedan perder o da\u00f1ar. El parque NO SE HACE RESPONSABLE de los objetos perdidos o da\u00f1ados.<\/li>\n<!-- \/wp:list-item -->\n\n<!-- wp:list-item -->\n<li><strong>El Centro se reserva el DERECHO DE EXCLUIR A TODA PERSONA QUE TENGA UN COMPORTAMIENTO CONTRARIO A LA \u00c9TICA y\/o incumplimiento de estas normas.<\/strong><\/li>\n<!-- \/wp:list-item -->\n\n<!-- wp:list-item -->\n<li>Con la firma en el registro de entrada del menor al Centro, el cliente autoriza expresamente a la empresa a la inclusi\u00f3n en sus ficheros y tratamiento de todos los datos de car\u00e1cter personal que le fueran facilitados para la realizaci\u00f3n de su actividad comercial, registros de entrada y salida, la elaboraci\u00f3n de estudios estad\u00edsticos y el env\u00edo de informaci\u00f3n comercial. Dichos datos permanecer\u00e1n en los ficheros de la empresa y estar\u00e1n sujetos, mediante solicitud escrita del interesado, a los derechos de acceso, rectificaci\u00f3n, cancelaci\u00f3n y oposici\u00f3n de acuerdo con la legislaci\u00f3n vigente.<\/li>\n<!-- \/wp:list-item --><\/ol>\n<!-- \/wp:list -->\n\n<!-- wp:heading {\"level\":3} -->\n<h3 class=\"wp-block-heading\">Cumplea\u00f1os y celebraciones<\/h3>\n<!-- \/wp:heading -->\n\n<!-- wp:list {\"ordered\":true} -->\n<ol><!-- wp:list-item -->\n<li><strong>El cliente que contrata la celebraci\u00f3n <\/strong>(cumplea\u00f1os o cualquier otro evento) <strong>es el responsable<\/strong> del registro de entrada y salida de todos los menores inscritos en la celebraci\u00f3n. Asumiendo toda la responsabilidad en cuanto a la entrada y salida de los menores y entrega a sus respectivos padres o tutores legales.<\/li>\n<!-- \/wp:list-item -->\n\n<!-- wp:list-item -->\n<li>El cliente que contrata la celebraci\u00f3n, es el responsable de la<strong> VIGILANCIA Y CUMPLIMIENTO de las normas del centro por parte de los menores<\/strong> que invite al Centro. Comprometiendose a explicar a los menores invitados, las normas del Centro.<\/li>\n<!-- \/wp:list-item --><\/ol>\n<!-- \/wp:list -->","_et_gb_content_width":"","footnotes":""},"class_list":["post-22","page","type-page","status-publish","hentry"],"yoast_head":"<!-- This site is optimized with the Yoast SEO plugin v26.4 - https:\/\/yoast.com\/wordpress\/plugins\/seo\/ -->\n<title>Normas de Congo Park - CONGO PARK<\/title>\n<meta name=\"robots\" content=\"index, follow, max-snippet:-1, max-image-preview:large, max-video-preview:-1\" \/>\n<link rel=\"canonical\" href=\"https:\/\/congopark.es\/?page_id=22\" \/>\n<meta property=\"og:locale\" content=\"es_ES\" \/>\n<meta property=\"og:type\" content=\"article\" \/>\n<meta property=\"og:title\" content=\"Normas de Congo Park - CONGO PARK\" \/>\n<meta property=\"og:description\" content=\"NORMAS DEL PARQUE\" \/>\n<meta property=\"og:url\" content=\"https:\/\/congopark.es\/?page_id=22\" \/>\n<meta property=\"og:site_name\" content=\"CONGO PARK\" \/>\n<meta property=\"article:modified_time\" content=\"2024-04-12T19:45:04+00:00\" \/>\n<meta name=\"twitter:card\" content=\"summary_large_image\" \/>\n<meta name=\"twitter:label1\" content=\"Tiempo de lectura\" \/>\n\t<meta name=\"twitter:data1\" content=\"3 minutos\" \/>\n<script type=\"application\/ld+json\" class=\"yoast-schema-graph\">{\"@context\":\"https:\/\/schema.org\",\"@graph\":[{\"@type\":\"WebPage\",\"@id\":\"https:\/\/congopark.es\/?page_id=22\",\"url\":\"https:\/\/congopark.es\/?page_id=22\",\"name\":\"Normas de Congo Park - CONGO PARK\",\"isPartOf\":{\"@id\":\"https:\/\/congopark.es\/#website\"},\"datePublished\":\"2023-01-02T23:59:22+00:00\",\"dateModified\":\"2024-04-12T19:45:04+00:00\",\"breadcrumb\":{\"@id\":\"https:\/\/congopark.es\/?page_id=22#breadcrumb\"},\"inLanguage\":\"es\",\"potentialAction\":[{\"@type\":\"ReadAction\",\"target\":[\"https:\/\/congopark.es\/?page_id=22\"]}]},{\"@type\":\"BreadcrumbList\",\"@id\":\"https:\/\/congopark.es\/?page_id=22#breadcrumb\",\"itemListElement\":[{\"@type\":\"ListItem\",\"position\":1,\"name\":\"Portada\",\"item\":\"https:\/\/congopark.es\/\"},{\"@type\":\"ListItem\",\"position\":2,\"name\":\"Normas de Congo Park\"}]},{\"@type\":\"WebSite\",\"@id\":\"https:\/\/congopark.es\/#website\",\"url\":\"https:\/\/congopark.es\/\",\"name\":\"CONGO PARK\",\"description\":\"Parque Infantil\",\"publisher\":{\"@id\":\"https:\/\/congopark.es\/#organization\"},\"potentialAction\":[{\"@type\":\"SearchAction\",\"target\":{\"@type\":\"EntryPoint\",\"urlTemplate\":\"https:\/\/congopark.es\/?s={search_term_string}\"},\"query-input\":{\"@type\":\"PropertyValueSpecification\",\"valueRequired\":true,\"valueName\":\"search_term_string\"}}],\"inLanguage\":\"es\"},{\"@type\":\"Organization\",\"@id\":\"https:\/\/congopark.es\/#organization\",\"name\":\"CONGO PARK\",\"url\":\"https:\/\/congopark.es\/\",\"logo\":{\"@type\":\"ImageObject\",\"inLanguage\":\"es\",\"@id\":\"https:\/\/congopark.es\/#\/schema\/logo\/image\/\",\"url\":\"\",\"contentUrl\":\"\",\"caption\":\"CONGO PARK\"},\"image\":{\"@id\":\"https:\/\/congopark.es\/#\/schema\/logo\/image\/\"}}]}<\/script>\n<!-- \/ Yoast SEO plugin. -->","yoast_head_json":{"title":"Normas de Congo Park - CONGO PARK","robots":{"index":"index","follow":"follow","max-snippet":"max-snippet:-1","max-image-preview":"max-image-preview:large","max-video-preview":"max-video-preview:-1"},"canonical":"https:\/\/congopark.es\/?page_id=22","og_locale":"es_ES","og_type":"article","og_title":"Normas de Congo Park - CONGO PARK","og_description":"NORMAS DEL PARQUE","og_url":"https:\/\/congopark.es\/?page_id=22","og_site_name":"CONGO PARK","article_modified_time":"2024-04-12T19:45:04+00:00","twitter_card":"summary_large_image","twitter_misc":{"Tiempo de lectura":"3 minutos"},"schema":{"@context":"https:\/\/schema.org","@graph":[{"@type":"WebPage","@id":"https:\/\/congopark.es\/?page_id=22","url":"https:\/\/congopark.es\/?page_id=22","name":"Normas de Congo Park - CONGO PARK","isPartOf":{"@id":"https:\/\/congopark.es\/#website"},"datePublished":"2023-01-02T23:59:22+00:00","dateModified":"2024-04-12T19:45:04+00:00","breadcrumb":{"@id":"https:\/\/congopark.es\/?page_id=22#breadcrumb"},"inLanguage":"es","potentialAction":[{"@type":"ReadAction","target":["https:\/\/congopark.es\/?page_id=22"]}]},{"@type":"BreadcrumbList","@id":"https:\/\/congopark.es\/?page_id=22#breadcrumb","itemListElement":[{"@type":"ListItem","position":1,"name":"Portada","item":"https:\/\/congopark.es\/"},{"@type":"ListItem","position":2,"name":"Normas de Congo Park"}]},{"@type":"WebSite","@id":"https:\/\/congopark.es\/#website","url":"https:\/\/congopark.es\/","name":"CONGO PARK","description":"Parque Infantil","publisher":{"@id":"https:\/\/congopark.es\/#organization"},"potentialAction":[{"@type":"SearchAction","target":{"@type":"EntryPoint","urlTemplate":"https:\/\/congopark.es\/?s={search_term_string}"},"query-input":{"@type":"PropertyValueSpecification","valueRequired":true,"valueName":"search_term_string"}}],"inLanguage":"es"},{"@type":"Organization","@id":"https:\/\/congopark.es\/#organization","name":"CONGO PARK","url":"https:\/\/congopark.es\/","logo":{"@type":"ImageObject","inLanguage":"es","@id":"https:\/\/congopark.es\/#\/schema\/logo\/image\/","url":"","contentUrl":"","caption":"CONGO PARK"},"image":{"@id":"https:\/\/congopark.es\/#\/schema\/logo\/image\/"}}]}},"_links":{"self":[{"href":"https:\/\/congopark.es\/index.php?rest_route=\/wp\/v2\/pages\/22","targetHints":{"allow":["GET"]}}],"collection":[{"href":"https:\/\/congopark.es\/index.php?rest_route=\/wp\/v2\/pages"}],"about":[{"href":"https:\/\/congopark.es\/index.php?rest_route=\/wp\/v2\/types\/page"}],"author":[{"embeddable":true,"href":"https:\/\/congopark.es\/index.php?rest_route=\/wp\/v2\/users\/1"}],"replies":[{"embeddable":true,"href":"https:\/\/congopark.es\/index.php?rest_route=%2Fwp%2Fv2%2Fcomments&post=22"}],"version-history":[{"count":9,"href":"https:\/\/congopark.es\/index.php?rest_route=\/wp\/v2\/pages\/22\/revisions"}],"predecessor-version":[{"id":440,"href":"https:\/\/congopark.es\/index.php?rest_route=\/wp\/v2\/pages\/22\/revisions\/440"}],"wp:attachment":[{"href":"https:\/\/congopark.es\/index.php?rest_route=%2Fwp%2Fv2%2Fmedia&parent=22"}],"curies":[{"name":"wp","href":"https:\/\/api.w.org\/{rel}","templated":true}]}}