{"id":246,"date":"2023-01-21T11:01:47","date_gmt":"2023-01-21T11:01:47","guid":{"rendered":"https:\/\/congopark.es\/?page_id=246"},"modified":"2025-11-27T18:11:02","modified_gmt":"2025-11-27T18:11:02","slug":"246-2","status":"publish","type":"page","link":"https:\/\/congopark.es\/","title":{"rendered":"Parque Infantil Congo Park"},"content":{"rendered":"<p>[et_pb_section fb_built=\u00bb1&#8243; _builder_version=\u00bb4.17.6&#8243; _module_preset=\u00bbdefault\u00bb global_colors_info=\u00bb{}\u00bb][et_pb_row _builder_version=\u00bb4.17.6&#8243; _module_preset=\u00bbdefault\u00bb global_colors_info=\u00bb{}\u00bb][et_pb_column type=\u00bb4_4&#8243; _builder_version=\u00bb4.17.6&#8243; _module_preset=\u00bbdefault\u00bb global_colors_info=\u00bb{}\u00bb][et_pb_text _builder_version=\u00bb4.17.6&#8243; _module_preset=\u00bbdefault\u00bb text_font=\u00bbGloria Hallelujah|700|||||||\u00bb text_text_color=\u00bb#f2a500&#8243; text_font_size=\u00bb38px\u00bb text_letter_spacing=\u00bb3px\u00bb text_orientation=\u00bbcenter\u00bb text_font_size_tablet=\u00bb38px\u00bb text_font_size_phone=\u00bb38px\u00bb text_font_size_last_edited=\u00bbon|phone\u00bb text_letter_spacing_tablet=\u00bb3px\u00bb text_letter_spacing_phone=\u00bb3px\u00bb text_letter_spacing_last_edited=\u00bbon|phone\u00bb text_line_height_tablet=\u00bb\u00bb text_line_height_phone=\u00bb1.3em\u00bb text_line_height_last_edited=\u00bbon|phone\u00bb text_text_shadow_style=\u00bbpreset4&#8243; global_colors_info=\u00bb{}\u00bb]<\/p>\n<p>PARQUE INFANTIL CONGO PARK<\/p>\n<p>[\/et_pb_text][\/et_pb_column][\/et_pb_row][et_pb_row _builder_version=\u00bb4.17.6&#8243; _module_preset=\u00bbdefault\u00bb global_colors_info=\u00bb{}\u00bb][et_pb_column type=\u00bb4_4&#8243; _builder_version=\u00bb4.17.6&#8243; _module_preset=\u00bbdefault\u00bb global_colors_info=\u00bb{}\u00bb][et_pb_image src=\u00bbhttps:\/\/congopark.es\/wp-content\/uploads\/2023\/08\/TARIFAS-PARA-LLEVAR-HOY14.8-\u00d7-10.5-cm.jpg\u00bb title_text=\u00bbTARIFAS PARA LLEVAR HOY(14.8 \u00d7 10.5 cm)\u00bb _builder_version=\u00bb4.17.6&#8243; _module_preset=\u00bbdefault\u00bb global_colors_info=\u00bb{}\u00bb][\/et_pb_image][\/et_pb_column][\/et_pb_row][et_pb_row _builder_version=\u00bb4.17.6&#8243; _module_preset=\u00bbdefault\u00bb min_height=\u00bb104.8px\u00bb custom_margin=\u00bb-25px|auto||auto||\u00bb global_colors_info=\u00bb{}\u00bb][et_pb_column type=\u00bb4_4&#8243; _builder_version=\u00bb4.17.6&#8243; _module_preset=\u00bbdefault\u00bb global_colors_info=\u00bb{}\u00bb][et_pb_text _builder_version=\u00bb4.17.6&#8243; _module_preset=\u00bbdefault\u00bb text_font=\u00bbAbhaya Libre|700|||||||\u00bb text_font_size=\u00bb20px\u00bb custom_padding=\u00bb2px|||||\u00bb text_font_size_tablet=\u00bb20px\u00bb text_font_size_phone=\u00bb15px\u00bb text_font_size_last_edited=\u00bbon|phone\u00bb global_colors_info=\u00bb{}\u00bb]<\/p>\n<p><!-- \/divi:image --><\/p>\n<p><!-- divi:paragraph {\"align\":\"center\"} --><\/p>\n<p class=\"has-text-align-center\"><strong>Celebramos todo tipo de Fiestas Infantiles, Cumplea\u00f1os, Fiestas de Colegio\u2026 y Mucho M\u00e1s! \u00a1S\u00edguenos!<\/strong><\/p>\n<p>[\/et_pb_text][\/et_pb_column][\/et_pb_row][et_pb_row _builder_version=\u00bb4.17.6&#8243; _module_preset=\u00bbdefault\u00bb global_colors_info=\u00bb{}\u00bb][et_pb_column type=\u00bb4_4&#8243; _builder_version=\u00bb4.17.6&#8243; _module_preset=\u00bbdefault\u00bb global_colors_info=\u00bb{}\u00bb][et_pb_image src=\u00bbhttps:\/\/congopark.es\/wp-content\/uploads\/2025\/11\/IMG_0565.jpg\u00bb title_text=\u00bbIMG_0565&#8243; _builder_version=\u00bb4.17.6&#8243; _module_preset=\u00bbdefault\u00bb global_colors_info=\u00bb{}\u00bb][\/et_pb_image][\/et_pb_column][\/et_pb_row][et_pb_row _builder_version=\u00bb4.17.6&#8243; _module_preset=\u00bbdefault\u00bb global_colors_info=\u00bb{}\u00bb][et_pb_column type=\u00bb4_4&#8243; _builder_version=\u00bb4.17.6&#8243; _module_preset=\u00bbdefault\u00bb global_colors_info=\u00bb{}\u00bb][et_pb_text _builder_version=\u00bb4.17.6&#8243; _module_preset=\u00bbdefault\u00bb text_font=\u00bbAbhaya Libre|700|||||||\u00bb text_font_size=\u00bb20px\u00bb text_orientation=\u00bbcenter\u00bb custom_margin=\u00bb||0px|0px|false|false\u00bb custom_padding=\u00bb||0px|0px|false|false\u00bb text_font_size_tablet=\u00bb20px\u00bb text_font_size_phone=\u00bb15px\u00bb text_font_size_last_edited=\u00bbon|phone\u00bb global_colors_info=\u00bb{}\u00bb]<\/p>\n<p><!-- \/divi:image --><\/p>\n<div class=\"wp-block-group\">\n<p class=\"has-text-align-center\" style=\"text-align: left;\">Te esperamos en <strong>Congo Park<\/strong>, el parque infantil que sorprender\u00e1 a los m\u00e1s peques con <strong>diversidad de zonas de juego.<\/strong><\/p>\n<\/div>\n<div class=\"wp-block-group\">\n<p class=\"has-text-align-center\" style=\"text-align: left;\">Podr\u00e1s disfrutar de nuestro maravilloso parque de m\u00e1s de 1000 metros y tomar una deliciosa merienda de cumplea\u00f1os.<\/p>\n<\/div>\n<p>[\/et_pb_text][\/et_pb_column][\/et_pb_row][et_pb_row _builder_version=\u00bb4.17.6&#8243; _module_preset=\u00bbdefault\u00bb global_colors_info=\u00bb{}\u00bb][et_pb_column type=\u00bb4_4&#8243; _builder_version=\u00bb4.17.6&#8243; _module_preset=\u00bbdefault\u00bb global_colors_info=\u00bb{}\u00bb][et_pb_text _builder_version=\u00bb4.17.6&#8243; _module_preset=\u00bbdefault\u00bb text_font=\u00bbGloria Hallelujah|700|||||||\u00bb text_text_color=\u00bb#f2a500&#8243; text_font_size=\u00bb38px\u00bb text_orientation=\u00bbcenter\u00bb text_line_height_tablet=\u00bb\u00bb text_line_height_phone=\u00bb1.3em\u00bb text_line_height_last_edited=\u00bbon|phone\u00bb text_text_shadow_style=\u00bbpreset4&#8243; global_colors_info=\u00bb{}\u00bb]<\/p>\n<p>Zona Reservada para los M\u00e1s Peques<\/p>\n<p>[\/et_pb_text][\/et_pb_column][\/et_pb_row][et_pb_row _builder_version=\u00bb4.17.6&#8243; _module_preset=\u00bbdefault\u00bb global_colors_info=\u00bb{}\u00bb][et_pb_column type=\u00bb4_4&#8243; _builder_version=\u00bb4.17.6&#8243; _module_preset=\u00bbdefault\u00bb global_colors_info=\u00bb{}\u00bb][et_pb_text _builder_version=\u00bb4.17.6&#8243; _module_preset=\u00bbdefault\u00bb text_font=\u00bbAbhaya Libre|700|||||||\u00bb text_font_size=\u00bb20px\u00bb text_orientation=\u00bbcenter\u00bb global_colors_info=\u00bb{}\u00bb]<\/p>\n<p>Para que los m\u00e1s peque\u00f1ines se sientan c\u00f3modos y seguros, Congo Park dispone de una zona reservada para ellos (de 1 a 3 a\u00f1itos), en los cuales dispondr\u00e1n de un Magn\u00edfico Castillo Hinchable, Cama el\u00e1stica, zona de juegos y parque de bolas.<\/p>\n<p>Contamos con una zona de relax para que los papis est\u00e9n controlando en todo momento a sus peques.<\/p>\n<p>[\/et_pb_text][\/et_pb_column][\/et_pb_row][et_pb_row _builder_version=\u00bb4.17.6&#8243; _module_preset=\u00bbdefault\u00bb global_colors_info=\u00bb{}\u00bb][et_pb_column type=\u00bb4_4&#8243; _builder_version=\u00bb4.17.6&#8243; _module_preset=\u00bbdefault\u00bb global_colors_info=\u00bb{}\u00bb][et_pb_image src=\u00bbhttps:\/\/congopark.es\/wp-content\/uploads\/2025\/11\/IMG_0564.jpg\u00bb title_text=\u00bbIMG_0564&#8243; _builder_version=\u00bb4.17.6&#8243; _module_preset=\u00bbdefault\u00bb global_colors_info=\u00bb{}\u00bb][\/et_pb_image][et_pb_image src=\u00bbhttps:\/\/congopark.es\/wp-content\/uploads\/2025\/11\/IMG_0568.jpg\u00bb title_text=\u00bbIMG_0568&#8243; _builder_version=\u00bb4.17.6&#8243; _module_preset=\u00bbdefault\u00bb hover_enabled=\u00bb0&#8243; global_colors_info=\u00bb{}\u00bb sticky_enabled=\u00bb0&#8243;][\/et_pb_image][et_pb_image src=\u00bbhttps:\/\/congopark.es\/wp-content\/uploads\/2025\/11\/IMG_0562.jpg\u00bb title_text=\u00bbIMG_0562&#8243; _builder_version=\u00bb4.17.6&#8243; _module_preset=\u00bbdefault\u00bb global_colors_info=\u00bb{}\u00bb][\/et_pb_image][\/et_pb_column][\/et_pb_row][et_pb_row _builder_version=\u00bb4.17.6&#8243; _module_preset=\u00bbdefault\u00bb global_colors_info=\u00bb{}\u00bb][et_pb_column type=\u00bb4_4&#8243; _builder_version=\u00bb4.17.6&#8243; _module_preset=\u00bbdefault\u00bb global_colors_info=\u00bb{}\u00bb][et_pb_text _builder_version=\u00bb4.17.6&#8243; _module_preset=\u00bbdefault\u00bb text_font=\u00bbGloria Hallelujah|700|||||||\u00bb text_text_color=\u00bb#f2a500&#8243; text_font_size=\u00bb38px\u00bb text_line_height=\u00bb1.8em\u00bb text_orientation=\u00bbcenter\u00bb text_font_size_tablet=\u00bb38px\u00bb text_font_size_phone=\u00bb38px\u00bb text_font_size_last_edited=\u00bbon|phone\u00bb text_text_shadow_style=\u00bbpreset4&#8243; global_colors_info=\u00bb{}\u00bb]<\/p>\n<p>Servicio de Bar y Cafeter\u00eda<\/p>\n<p>[\/et_pb_text][\/et_pb_column][\/et_pb_row][et_pb_row _builder_version=\u00bb4.17.6&#8243; _module_preset=\u00bbdefault\u00bb global_colors_info=\u00bb{}\u00bb][et_pb_column type=\u00bb4_4&#8243; _builder_version=\u00bb4.17.6&#8243; _module_preset=\u00bbdefault\u00bb global_colors_info=\u00bb{}\u00bb][et_pb_image src=\u00bbhttps:\/\/congopark.es\/wp-content\/uploads\/2025\/11\/IMG_0563.jpg\u00bb title_text=\u00bbIMG_0563&#8243; _builder_version=\u00bb4.17.6&#8243; _module_preset=\u00bbdefault\u00bb global_colors_info=\u00bb{}\u00bb][\/et_pb_image][\/et_pb_column][\/et_pb_row][et_pb_row _builder_version=\u00bb4.17.6&#8243; _module_preset=\u00bbdefault\u00bb global_colors_info=\u00bb{}\u00bb][et_pb_column type=\u00bb4_4&#8243; _builder_version=\u00bb4.17.6&#8243; _module_preset=\u00bbdefault\u00bb global_colors_info=\u00bb{}\u00bb][et_pb_text _builder_version=\u00bb4.17.6&#8243; _module_preset=\u00bbdefault\u00bb text_font=\u00bbAbhaya Libre|700|||||||\u00bb text_font_size=\u00bb20px\u00bb min_height=\u00bb16.6px\u00bb custom_margin=\u00bb-6px|||||\u00bb custom_padding=\u00bb0px|||||\u00bb text_font_size_tablet=\u00bb20px\u00bb text_font_size_phone=\u00bb15px\u00bb text_font_size_last_edited=\u00bbon|phone\u00bb global_colors_info=\u00bb{}\u00bb]<\/p>\n<p><!-- divi:paragraph --><\/p>\n<p>Para <strong>los papis<\/strong> disponemos de <strong>servicio de cafeter\u00eda<\/strong> para disfrutar del momento tan especial de sus peques, as\u00ed como para<strong> tomar un aperitivo<\/strong> mientras se divierten en las zonas de juego de <strong>Congo Park<\/strong>.<\/p>\n<p>[\/et_pb_text][et_pb_button button_url=\u00bbhttps:\/\/congopark.es\/?page_id=281&#8243; url_new_window=\u00bbon\u00bb button_text=\u00bbCELEBRA TU CUMPLEA\u00d1OS\u00bb button_alignment=\u00bbcenter\u00bb _builder_version=\u00bb4.17.6&#8243; _module_preset=\u00bbdefault\u00bb custom_button=\u00bbon\u00bb button_text_size=\u00bb17px\u00bb button_text_color=\u00bb#E09900&#8243; button_font=\u00bbGloria Hallelujah|700|||||||\u00bb animation_style=\u00bbbounce\u00bb animation_duration=\u00bb2000ms\u00bb animation_repeat=\u00bbloop\u00bb box_shadow_style=\u00bbpreset1&#8243; box_shadow_color=\u00bb#E09900&#8243; global_colors_info=\u00bb{}\u00bb box_shadow_vertical__hover_enabled=\u00bbon|desktop\u00bb][\/et_pb_button][\/et_pb_column][\/et_pb_row][et_pb_row _builder_version=\u00bb4.17.6&#8243; _module_preset=\u00bbdefault\u00bb global_colors_info=\u00bb{}\u00bb][et_pb_column type=\u00bb4_4&#8243; _builder_version=\u00bb4.17.6&#8243; _module_preset=\u00bbdefault\u00bb global_colors_info=\u00bb{}\u00bb][et_pb_divider color=\u00bb#E09900&#8243; divider_style=\u00bbdouble\u00bb _builder_version=\u00bb4.17.6&#8243; _module_preset=\u00bbdefault\u00bb global_colors_info=\u00bb{}\u00bb][\/et_pb_divider][\/et_pb_column][\/et_pb_row][\/et_pb_section]<\/p>\n","protected":false},"excerpt":{"rendered":"<p>PARQUE INFANTIL CONGO PARK Celebramos todo tipo de Fiestas Infantiles, Cumplea\u00f1os, Fiestas de Colegio\u2026 y Mucho M\u00e1s! \u00a1S\u00edguenos! Te esperamos en Congo Park, el parque infantil que sorprender\u00e1 a los m\u00e1s peques con diversidad de zonas de juego. Podr\u00e1s disfrutar de nuestro maravilloso parque de m\u00e1s de 1000 metros y tomar una deliciosa merienda de [&hellip;]<\/p>\n","protected":false},"author":1,"featured_media":349,"parent":0,"menu_order":0,"comment_status":"closed","ping_status":"closed","template":"","meta":{"_et_pb_use_builder":"on","_et_pb_old_content":"","_et_gb_content_width":"","footnotes":""},"class_list":["post-246","page","type-page","status-publish","has-post-thumbnail","hentry"],"yoast_head":"<!-- This site is optimized with the Yoast SEO plugin v26.4 - https:\/\/yoast.com\/wordpress\/plugins\/seo\/ -->\n<title>\u25b7 Parque Infantil Congo Park | San Fernando<\/title>\n<meta name=\"description\" content=\"Celebra tu cumplea\u00f1os en el nuevo parque infantil Congo Park. Nos encontramos Junto al KFC y el Bah\u00eda Sur. &quot;La Diversi\u00f3n est\u00e1 enel Juego&quot;.\" \/>\n<meta name=\"robots\" content=\"index, follow, max-snippet:-1, max-image-preview:large, max-video-preview:-1\" \/>\n<link rel=\"canonical\" href=\"https:\/\/congopark.es\/\" \/>\n<meta property=\"og:locale\" content=\"es_ES\" \/>\n<meta property=\"og:type\" content=\"article\" \/>\n<meta property=\"og:title\" content=\"\u25b7 Parque Infantil Congo Park | San Fernando\" \/>\n<meta property=\"og:description\" content=\"Celebra tu cumplea\u00f1os en el nuevo parque infantil Congo Park. Nos encontramos Junto al KFC y el Bah\u00eda Sur. &quot;La Diversi\u00f3n est\u00e1 enel Juego&quot;.\" \/>\n<meta property=\"og:url\" content=\"https:\/\/congopark.es\/\" \/>\n<meta property=\"og:site_name\" content=\"CONGO PARK\" \/>\n<meta property=\"article:modified_time\" content=\"2025-11-27T18:11:02+00:00\" \/>\n<meta name=\"twitter:card\" content=\"summary_large_image\" \/>\n<meta name=\"twitter:label1\" content=\"Tiempo de lectura\" \/>\n\t<meta name=\"twitter:data1\" content=\"2 minutos\" \/>\n<script type=\"application\/ld+json\" class=\"yoast-schema-graph\">{\"@context\":\"https:\/\/schema.org\",\"@graph\":[{\"@type\":\"WebPage\",\"@id\":\"https:\/\/congopark.es\/\",\"url\":\"https:\/\/congopark.es\/\",\"name\":\"\u25b7 Parque Infantil Congo Park | San Fernando\",\"isPartOf\":{\"@id\":\"https:\/\/congopark.es\/#website\"},\"primaryImageOfPage\":{\"@id\":\"https:\/\/congopark.es\/#primaryimage\"},\"image\":{\"@id\":\"https:\/\/congopark.es\/#primaryimage\"},\"thumbnailUrl\":\"https:\/\/congopark.es\/wp-content\/uploads\/2023\/06\/FLAYERS-14.8-\u00d7-10.5-cm-2-pdf.jpg\",\"datePublished\":\"2023-01-21T11:01:47+00:00\",\"dateModified\":\"2025-11-27T18:11:02+00:00\",\"description\":\"Celebra tu cumplea\u00f1os en el nuevo parque infantil Congo Park. Nos encontramos Junto al KFC y el Bah\u00eda Sur. \\\"La Diversi\u00f3n est\u00e1 enel Juego\\\".\",\"breadcrumb\":{\"@id\":\"https:\/\/congopark.es\/#breadcrumb\"},\"inLanguage\":\"es\",\"potentialAction\":[{\"@type\":\"ReadAction\",\"target\":[\"https:\/\/congopark.es\/\"]}]},{\"@type\":\"ImageObject\",\"inLanguage\":\"es\",\"@id\":\"https:\/\/congopark.es\/#primaryimage\",\"url\":\"https:\/\/congopark.es\/wp-content\/uploads\/2023\/06\/FLAYERS-14.8-\u00d7-10.5-cm-2-pdf.jpg\",\"contentUrl\":\"https:\/\/congopark.es\/wp-content\/uploads\/2023\/06\/FLAYERS-14.8-\u00d7-10.5-cm-2-pdf.jpg\"},{\"@type\":\"BreadcrumbList\",\"@id\":\"https:\/\/congopark.es\/#breadcrumb\",\"itemListElement\":[{\"@type\":\"ListItem\",\"position\":1,\"name\":\"Portada\",\"item\":\"https:\/\/congopark.es\/\"},{\"@type\":\"ListItem\",\"position\":2,\"name\":\"Parque Infantil Congo Park\"}]},{\"@type\":\"WebSite\",\"@id\":\"https:\/\/congopark.es\/#website\",\"url\":\"https:\/\/congopark.es\/\",\"name\":\"CONGO PARK\",\"description\":\"Parque Infantil\",\"publisher\":{\"@id\":\"https:\/\/congopark.es\/#organization\"},\"potentialAction\":[{\"@type\":\"SearchAction\",\"target\":{\"@type\":\"EntryPoint\",\"urlTemplate\":\"https:\/\/congopark.es\/?s={search_term_string}\"},\"query-input\":{\"@type\":\"PropertyValueSpecification\",\"valueRequired\":true,\"valueName\":\"search_term_string\"}}],\"inLanguage\":\"es\"},{\"@type\":\"Organization\",\"@id\":\"https:\/\/congopark.es\/#organization\",\"name\":\"CONGO PARK\",\"url\":\"https:\/\/congopark.es\/\",\"logo\":{\"@type\":\"ImageObject\",\"inLanguage\":\"es\",\"@id\":\"https:\/\/congopark.es\/#\/schema\/logo\/image\/\",\"url\":\"\",\"contentUrl\":\"\",\"caption\":\"CONGO PARK\"},\"image\":{\"@id\":\"https:\/\/congopark.es\/#\/schema\/logo\/image\/\"}}]}<\/script>\n<!-- \/ Yoast SEO plugin. -->","yoast_head_json":{"title":"\u25b7 Parque Infantil Congo Park | San Fernando","description":"Celebra tu cumplea\u00f1os en el nuevo parque infantil Congo Park. Nos encontramos Junto al KFC y el Bah\u00eda Sur. \"La Diversi\u00f3n est\u00e1 enel Juego\".","robots":{"index":"index","follow":"follow","max-snippet":"max-snippet:-1","max-image-preview":"max-image-preview:large","max-video-preview":"max-video-preview:-1"},"canonical":"https:\/\/congopark.es\/","og_locale":"es_ES","og_type":"article","og_title":"\u25b7 Parque Infantil Congo Park | San Fernando","og_description":"Celebra tu cumplea\u00f1os en el nuevo parque infantil Congo Park. Nos encontramos Junto al KFC y el Bah\u00eda Sur. \"La Diversi\u00f3n est\u00e1 enel Juego\".","og_url":"https:\/\/congopark.es\/","og_site_name":"CONGO PARK","article_modified_time":"2025-11-27T18:11:02+00:00","twitter_card":"summary_large_image","twitter_misc":{"Tiempo de lectura":"2 minutos"},"schema":{"@context":"https:\/\/schema.org","@graph":[{"@type":"WebPage","@id":"https:\/\/congopark.es\/","url":"https:\/\/congopark.es\/","name":"\u25b7 Parque Infantil Congo Park | San Fernando","isPartOf":{"@id":"https:\/\/congopark.es\/#website"},"primaryImageOfPage":{"@id":"https:\/\/congopark.es\/#primaryimage"},"image":{"@id":"https:\/\/congopark.es\/#primaryimage"},"thumbnailUrl":"https:\/\/congopark.es\/wp-content\/uploads\/2023\/06\/FLAYERS-14.8-\u00d7-10.5-cm-2-pdf.jpg","datePublished":"2023-01-21T11:01:47+00:00","dateModified":"2025-11-27T18:11:02+00:00","description":"Celebra tu cumplea\u00f1os en el nuevo parque infantil Congo Park. Nos encontramos Junto al KFC y el Bah\u00eda Sur. \"La Diversi\u00f3n est\u00e1 enel Juego\".","breadcrumb":{"@id":"https:\/\/congopark.es\/#breadcrumb"},"inLanguage":"es","potentialAction":[{"@type":"ReadAction","target":["https:\/\/congopark.es\/"]}]},{"@type":"ImageObject","inLanguage":"es","@id":"https:\/\/congopark.es\/#primaryimage","url":"https:\/\/congopark.es\/wp-content\/uploads\/2023\/06\/FLAYERS-14.8-\u00d7-10.5-cm-2-pdf.jpg","contentUrl":"https:\/\/congopark.es\/wp-content\/uploads\/2023\/06\/FLAYERS-14.8-\u00d7-10.5-cm-2-pdf.jpg"},{"@type":"BreadcrumbList","@id":"https:\/\/congopark.es\/#breadcrumb","itemListElement":[{"@type":"ListItem","position":1,"name":"Portada","item":"https:\/\/congopark.es\/"},{"@type":"ListItem","position":2,"name":"Parque Infantil Congo Park"}]},{"@type":"WebSite","@id":"https:\/\/congopark.es\/#website","url":"https:\/\/congopark.es\/","name":"CONGO PARK","description":"Parque Infantil","publisher":{"@id":"https:\/\/congopark.es\/#organization"},"potentialAction":[{"@type":"SearchAction","target":{"@type":"EntryPoint","urlTemplate":"https:\/\/congopark.es\/?s={search_term_string}"},"query-input":{"@type":"PropertyValueSpecification","valueRequired":true,"valueName":"search_term_string"}}],"inLanguage":"es"},{"@type":"Organization","@id":"https:\/\/congopark.es\/#organization","name":"CONGO PARK","url":"https:\/\/congopark.es\/","logo":{"@type":"ImageObject","inLanguage":"es","@id":"https:\/\/congopark.es\/#\/schema\/logo\/image\/","url":"","contentUrl":"","caption":"CONGO PARK"},"image":{"@id":"https:\/\/congopark.es\/#\/schema\/logo\/image\/"}}]}},"_links":{"self":[{"href":"https:\/\/congopark.es\/index.php?rest_route=\/wp\/v2\/pages\/246","targetHints":{"allow":["GET"]}}],"collection":[{"href":"https:\/\/congopark.es\/index.php?rest_route=\/wp\/v2\/pages"}],"about":[{"href":"https:\/\/congopark.es\/index.php?rest_route=\/wp\/v2\/types\/page"}],"author":[{"embeddable":true,"href":"https:\/\/congopark.es\/index.php?rest_route=\/wp\/v2\/users\/1"}],"replies":[{"embeddable":true,"href":"https:\/\/congopark.es\/index.php?rest_route=%2Fwp%2Fv2%2Fcomments&post=246"}],"version-history":[{"count":19,"href":"https:\/\/congopark.es\/index.php?rest_route=\/wp\/v2\/pages\/246\/revisions"}],"predecessor-version":[{"id":472,"href":"https:\/\/congopark.es\/index.php?rest_route=\/wp\/v2\/pages\/246\/revisions\/472"}],"wp:featuredmedia":[{"embeddable":true,"href":"https:\/\/congopark.es\/index.php?rest_route=\/wp\/v2\/media\/349"}],"wp:attachment":[{"href":"https:\/\/congopark.es\/index.php?rest_route=%2Fwp%2Fv2%2Fmedia&parent=246"}],"curies":[{"name":"wp","href":"https:\/\/api.w.org\/{rel}","templated":true}]}}